{"id":135,"date":"2023-02-12T16:57:37","date_gmt":"2023-02-12T16:57:37","guid":{"rendered":"https:\/\/cuevadeltunel.es\/?page_id=135"},"modified":"2024-02-01T12:59:58","modified_gmt":"2024-02-01T12:59:58","slug":"gastronomia-valdevimbre","status":"publish","type":"page","link":"https:\/\/cuevadeltunel.es\/index.php\/gastronomia-valdevimbre\/","title":{"rendered":"Degustaci\u00f3n"},"content":{"rendered":"\t\t<div data-elementor-type=\"wp-page\" data-elementor-id=\"135\" class=\"elementor elementor-135\">\n\t\t\t\t\t\t<section class=\"elementor-section elementor-top-section elementor-element elementor-element-32554e6 elementor-section-stretched elementor-section-boxed elementor-section-height-default elementor-section-height-default\" data-id=\"32554e6\" data-element_type=\"section\" data-settings=\"{&quot;stretch_section&quot;:&quot;section-stretched&quot;}\">\n\t\t\t\t\t\t<div class=\"elementor-container elementor-column-gap-default\">\n\t\t\t\t\t<div class=\"elementor-column elementor-col-100 elementor-top-column elementor-element elementor-element-3b62303\" data-id=\"3b62303\" data-element_type=\"column\">\n\t\t\t<div class=\"elementor-widget-wrap elementor-element-populated\">\n\t\t\t\t\t\t<div class=\"elementor-element elementor-element-1fb33c2 elementor-widget elementor-widget-text-editor\" data-id=\"1fb33c2\" data-element_type=\"widget\" data-widget_type=\"text-editor.default\">\n\t\t\t\t<div class=\"elementor-widget-container\">\n\t\t\t\t\t\t\t\t\t<p>Una experiencia completa<\/p>\t\t\t\t\t\t\t\t<\/div>\n\t\t\t\t<\/div>\n\t\t\t\t<div class=\"elementor-element elementor-element-95d5656 elementor-widget elementor-widget-text-editor\" data-id=\"95d5656\" data-element_type=\"widget\" data-widget_type=\"text-editor.default\">\n\t\t\t\t<div class=\"elementor-widget-container\">\n\t\t\t\t\t\t\t\t\t<p><img decoding=\"async\" src=\"https:\/\/cuevadeltunel.es\/wp-content\/uploads\/2023\/02\/separador_onda_0-300x56.png\" alt=\"\" width=\"175\" height=\"33\" \/><\/p><p>Ad\u00e9ntrate en la cueva y descubre su esencia con nuestros men\u00fas degustaci\u00f3n.<\/p>\t\t\t\t\t\t\t\t<\/div>\n\t\t\t\t<\/div>\n\t\t\t\t\t<\/div>\n\t\t<\/div>\n\t\t\t\t\t<\/div>\n\t\t<\/section>\n\t\t\t\t<section class=\"elementor-section elementor-top-section elementor-element elementor-element-520ef11 elementor-section-boxed elementor-section-height-default elementor-section-height-default\" data-id=\"520ef11\" data-element_type=\"section\">\n\t\t\t\t\t\t<div class=\"elementor-container elementor-column-gap-default\">\n\t\t\t\t\t<div class=\"elementor-column elementor-col-100 elementor-top-column elementor-element elementor-element-4eec646\" data-id=\"4eec646\" data-element_type=\"column\">\n\t\t\t<div class=\"elementor-widget-wrap elementor-element-populated\">\n\t\t\t\t\t\t<div class=\"elementor-element elementor-element-b1f58d3 elementor-widget elementor-widget-spacer\" data-id=\"b1f58d3\" data-element_type=\"widget\" data-widget_type=\"spacer.default\">\n\t\t\t\t<div class=\"elementor-widget-container\">\n\t\t\t\t\t\t\t<div class=\"elementor-spacer\">\n\t\t\t<div class=\"elementor-spacer-inner\"><\/div>\n\t\t<\/div>\n\t\t\t\t\t\t<\/div>\n\t\t\t\t<\/div>\n\t\t\t\t\t<\/div>\n\t\t<\/div>\n\t\t\t\t\t<\/div>\n\t\t<\/section>\n\t\t\t\t<section class=\"elementor-section elementor-top-section elementor-element elementor-element-f2bf77d elementor-section-full_width elementor-section-stretched elementor-reverse-mobile elementor-section-height-default elementor-section-height-default\" data-id=\"f2bf77d\" data-element_type=\"section\" data-settings=\"{&quot;stretch_section&quot;:&quot;section-stretched&quot;}\">\n\t\t\t\t\t\t<div class=\"elementor-container elementor-column-gap-default\">\n\t\t\t\t\t<div class=\"elementor-column elementor-col-50 elementor-top-column elementor-element elementor-element-4877cfd\" data-id=\"4877cfd\" data-element_type=\"column\">\n\t\t\t<div class=\"elementor-widget-wrap elementor-element-populated\">\n\t\t\t\t\t\t<div class=\"elementor-element elementor-element-80b3d26 elementor-widget elementor-widget-text-editor\" data-id=\"80b3d26\" data-element_type=\"widget\" data-widget_type=\"text-editor.default\">\n\t\t\t\t<div class=\"elementor-widget-container\">\n\t\t\t\t\t\t\t\t\t<p>Men\u00fa degustaci\u00f3n<\/p>\t\t\t\t\t\t\t\t<\/div>\n\t\t\t\t<\/div>\n\t\t\t\t<div class=\"elementor-element elementor-element-8c80b87 elementor-widget elementor-widget-text-editor\" data-id=\"8c80b87\" data-element_type=\"widget\" data-widget_type=\"text-editor.default\">\n\t\t\t\t<div class=\"elementor-widget-container\">\n\t\t\t\t\t\t\t\t\t<h4 style=\"margin-top: 0px; margin-bottom: 0.5rem; font-family: -apple-system, 'system-ui', 'Segoe UI', Roboto, 'Helvetica Neue', Arial, sans-serif, 'Apple Color Emoji', 'Segoe UI Emoji', 'Segoe UI Symbol'; font-weight: 500; line-height: 1.2; color: #212529; font-size: 1.5rem; text-align: center;\">Entrantes variados<\/h4><p style=\"margin-bottom: 1rem; font-family: Montse-regular; color: #212529; text-align: center;\">A elegir entre nuestros entrantes fr\u00edos o calientes<\/p><h4 style=\"margin-top: 0px; margin-bottom: 0.5rem; font-family: -apple-system, 'system-ui', 'Segoe UI', Roboto, 'Helvetica Neue', Arial, sans-serif, 'Apple Color Emoji', 'Segoe UI Emoji', 'Segoe UI Symbol'; font-weight: 500; line-height: 1.2; color: #212529; font-size: 1.5rem; text-align: center;\">Pescados<\/h4><p style=\"margin-bottom: 1rem; font-family: Montse-regular; color: #212529; text-align: center;\">A elegir entre nuestras especialidades<\/p><p style=\"margin-bottom: 1rem; font-family: Montse-regular; color: #212529; text-align: center;\">Bacalao al ajo arriero<\/p><p style=\"margin-bottom: 1rem; font-family: Montse-regular; color: #212529; text-align: center;\">Bacalao con emulsi\u00f3n de patata<\/p><p style=\"margin-bottom: 1rem; font-family: Montse-regular; color: #212529; text-align: center;\">Rulo de salm\u00f3n gratinado<\/p><h4 style=\"margin-top: 0px; margin-bottom: 0.5rem; font-family: -apple-system, 'system-ui', 'Segoe UI', Roboto, 'Helvetica Neue', Arial, sans-serif, 'Apple Color Emoji', 'Segoe UI Emoji', 'Segoe UI Symbol'; font-weight: 500; line-height: 1.2; color: #212529; font-size: 1.5rem; text-align: center;\">Carnes<\/h4><p style=\"margin-bottom: 1rem; font-family: Montse-regular; color: #212529; text-align: center;\">A elegir entre nuestras carnes a la parrilla<\/p><h4 style=\"margin-top: 0px; margin-bottom: 0.5rem; font-family: -apple-system, 'system-ui', 'Segoe UI', Roboto, 'Helvetica Neue', Arial, sans-serif, 'Apple Color Emoji', 'Segoe UI Emoji', 'Segoe UI Symbol'; font-weight: 500; line-height: 1.2; color: #212529; font-size: 1.5rem; text-align: center;\">Postre de reposter\u00eda<\/h4><p style=\"margin-bottom: 1rem; font-family: Montse-regular; color: #212529; text-align: center;\">Canutillos caseros de crema pastelera<\/p><h4 style=\"margin-top: 0px; margin-bottom: 0.5rem; font-family: -apple-system, 'system-ui', 'Segoe UI', Roboto, 'Helvetica Neue', Arial, sans-serif, 'Apple Color Emoji', 'Segoe UI Emoji', 'Segoe UI Symbol'; font-weight: 500; line-height: 1.2; color: #212529; font-size: 1.5rem; text-align: center;\">Sobremesa<\/h4><p style=\"margin-bottom: 1rem; font-family: Montse-regular; color: #212529; text-align: center;\">Caf\u00e9 estilo tradicional y degustaci\u00f3n de licores caseros<\/p><p style=\"margin-bottom: 1rem; font-family: Montse-regular; color: #212529; text-align: center;\">*Bebida no inclu\u00edda<\/p>\t\t\t\t\t\t\t\t<\/div>\n\t\t\t\t<\/div>\n\t\t\t\t\t<\/div>\n\t\t<\/div>\n\t\t\t\t<div class=\"elementor-column elementor-col-50 elementor-top-column elementor-element elementor-element-434e648\" data-id=\"434e648\" data-element_type=\"column\">\n\t\t\t<div class=\"elementor-widget-wrap elementor-element-populated\">\n\t\t\t\t\t\t<div class=\"elementor-element elementor-element-d2348d7 elementor-widget elementor-widget-image\" data-id=\"d2348d7\" data-element_type=\"widget\" data-widget_type=\"image.default\">\n\t\t\t\t<div class=\"elementor-widget-container\">\n\t\t\t\t\t\t\t\t\t\t\t\t\t\t\t<img fetchpriority=\"high\" decoding=\"async\" width=\"2447\" height=\"1781\" src=\"https:\/\/cuevadeltunel.es\/wp-content\/uploads\/2023\/02\/endivias.jpg\" class=\"attachment-full size-full wp-image-137\" alt=\"\" srcset=\"https:\/\/cuevadeltunel.es\/wp-content\/uploads\/2023\/02\/endivias.jpg 2447w, https:\/\/cuevadeltunel.es\/wp-content\/uploads\/2023\/02\/endivias-300x218.jpg 300w, https:\/\/cuevadeltunel.es\/wp-content\/uploads\/2023\/02\/endivias-1024x745.jpg 1024w, https:\/\/cuevadeltunel.es\/wp-content\/uploads\/2023\/02\/endivias-768x559.jpg 768w, https:\/\/cuevadeltunel.es\/wp-content\/uploads\/2023\/02\/endivias-1536x1118.jpg 1536w, https:\/\/cuevadeltunel.es\/wp-content\/uploads\/2023\/02\/endivias-2048x1491.jpg 2048w, https:\/\/cuevadeltunel.es\/wp-content\/uploads\/2023\/02\/endivias-2000x1456.jpg 2000w\" sizes=\"100vw\" \/>\t\t\t\t\t\t\t\t\t\t\t\t\t\t\t<\/div>\n\t\t\t\t<\/div>\n\t\t\t\t\t<\/div>\n\t\t<\/div>\n\t\t\t\t\t<\/div>\n\t\t<\/section>\n\t\t\t\t<section class=\"elementor-section elementor-top-section elementor-element elementor-element-8749cf0 elementor-section-full_width elementor-section-stretched elementor-section-height-default elementor-section-height-default\" data-id=\"8749cf0\" data-element_type=\"section\" data-settings=\"{&quot;stretch_section&quot;:&quot;section-stretched&quot;}\">\n\t\t\t\t\t\t<div class=\"elementor-container elementor-column-gap-default\">\n\t\t\t\t\t<div class=\"elementor-column elementor-col-50 elementor-top-column elementor-element elementor-element-df8edbe\" data-id=\"df8edbe\" data-element_type=\"column\">\n\t\t\t<div class=\"elementor-widget-wrap elementor-element-populated\">\n\t\t\t\t\t\t<div class=\"elementor-element elementor-element-c3b0493 elementor-widget elementor-widget-image\" data-id=\"c3b0493\" data-element_type=\"widget\" data-widget_type=\"image.default\">\n\t\t\t\t<div class=\"elementor-widget-container\">\n\t\t\t\t\t\t\t\t\t\t\t\t\t\t\t<img decoding=\"async\" width=\"950\" height=\"634\" src=\"https:\/\/cuevadeltunel.es\/wp-content\/uploads\/2023\/02\/rulosalmon-1024x683.jpg\" class=\"attachment-large size-large wp-image-138\" alt=\"\" srcset=\"https:\/\/cuevadeltunel.es\/wp-content\/uploads\/2023\/02\/rulosalmon-1024x683.jpg 1024w, https:\/\/cuevadeltunel.es\/wp-content\/uploads\/2023\/02\/rulosalmon-300x200.jpg 300w, https:\/\/cuevadeltunel.es\/wp-content\/uploads\/2023\/02\/rulosalmon-768x512.jpg 768w, https:\/\/cuevadeltunel.es\/wp-content\/uploads\/2023\/02\/rulosalmon-1536x1024.jpg 1536w, https:\/\/cuevadeltunel.es\/wp-content\/uploads\/2023\/02\/rulosalmon-2048x1365.jpg 2048w, https:\/\/cuevadeltunel.es\/wp-content\/uploads\/2023\/02\/rulosalmon-2000x1333.jpg 2000w\" sizes=\"100vw\" \/>\t\t\t\t\t\t\t\t\t\t\t\t\t\t\t<\/div>\n\t\t\t\t<\/div>\n\t\t\t\t\t<\/div>\n\t\t<\/div>\n\t\t\t\t<div class=\"elementor-column elementor-col-50 elementor-top-column elementor-element elementor-element-10f5d41\" data-id=\"10f5d41\" data-element_type=\"column\">\n\t\t\t<div class=\"elementor-widget-wrap elementor-element-populated\">\n\t\t\t\t\t\t<div class=\"elementor-element elementor-element-1e47731 elementor-widget elementor-widget-text-editor\" data-id=\"1e47731\" data-element_type=\"widget\" data-widget_type=\"text-editor.default\">\n\t\t\t\t<div class=\"elementor-widget-container\">\n\t\t\t\t\t\t\t\t\t<p>Men\u00fa Valle<\/p>\t\t\t\t\t\t\t\t<\/div>\n\t\t\t\t<\/div>\n\t\t\t\t<div class=\"elementor-element elementor-element-d6feb7d elementor-widget elementor-widget-text-editor\" data-id=\"d6feb7d\" data-element_type=\"widget\" data-widget_type=\"text-editor.default\">\n\t\t\t\t<div class=\"elementor-widget-container\">\n\t\t\t\t\t\t\t\t\t<div style=\"width: 857.5px; padding-right: 15px; padding-left: 15px; margin-right: auto; margin-left: auto; max-width: 1140px; color: #212529; font-family: -apple-system, 'system-ui', 'Segoe UI', Roboto, 'Helvetica Neue', Arial, sans-serif, 'Apple Color Emoji', 'Segoe UI Emoji', 'Segoe UI Symbol'; text-align: center; padding-bottom: 1rem !important;\">\u00a0<\/div><h4 style=\"margin-top: 0px; margin-bottom: 0.5rem; font-family: -apple-system, 'system-ui', 'Segoe UI', Roboto, 'Helvetica Neue', Arial, sans-serif, 'Apple Color Emoji', 'Segoe UI Emoji', 'Segoe UI Symbol'; font-weight: 500; line-height: 1.2; color: #212529; font-size: 1.5rem; text-align: center;\">Entrantes fr\u00edos<\/h4><p style=\"margin-bottom: 1rem; color: #212529; text-align: center;\"><span style=\"font-family: Montse-regular;\">Embutido, carpaccio y lengua<\/span><\/p><h4 style=\"color: #212529; line-height: 1.2; font-size: 1.5rem; font-weight: 500; margin-bottom: 0.5rem; margin-top: 0px; font-family: -apple-system, 'system-ui', 'Segoe UI', Roboto, 'Helvetica Neue', Arial, sans-serif, 'Apple Color Emoji', 'Segoe UI Emoji', 'Segoe UI Symbol'; text-align: center;\">Entrantes calientes<\/h4><p style=\"margin-bottom: 1rem; color: #212529; text-align: center;\"><span style=\"font-weight: var( --e-global-typography-text-font-weight );\"><span style=\"font-family: Montse-regular;\">Tre platos a elegir<\/span><\/span><\/p><p style=\"margin-bottom: 1rem; color: #212529; text-align: center;\"><span style=\"font-family: -apple-system, 'system-ui', 'Segoe UI', Roboto, 'Helvetica Neue', Arial, sans-serif, 'Apple Color Emoji', 'Segoe UI Emoji', 'Segoe UI Symbol'; font-size: 1.5rem; font-weight: var( --e-global-typography-text-font-weight );\">Pescados<\/span><\/p><p style=\"margin-bottom: 1rem; font-family: Montse-regular; color: #212529; text-align: center;\">A elegir\u00a0<\/p><p style=\"margin-bottom: 1rem; font-family: Montse-regular; color: #212529; text-align: center;\">Bacalao con emulsi\u00f3n de patata<\/p><p style=\"margin-bottom: 1rem; font-family: Montse-regular; color: #212529; text-align: center;\">Rulo de salm\u00f3n gratinado<\/p><h4 style=\"margin-top: 0px; margin-bottom: 0.5rem; font-family: -apple-system, 'system-ui', 'Segoe UI', Roboto, 'Helvetica Neue', Arial, sans-serif, 'Apple Color Emoji', 'Segoe UI Emoji', 'Segoe UI Symbol'; font-weight: 500; line-height: 1.2; color: #212529; font-size: 1.5rem; text-align: center;\">Carnes<\/h4><p style=\"margin-bottom: 1rem; font-family: Montse-regular; color: #212529; text-align: center;\">A elegir entre nuestras carnes a la parrilla<\/p><h4 style=\"margin-top: 0px; margin-bottom: 0.5rem; font-family: -apple-system, 'system-ui', 'Segoe UI', Roboto, 'Helvetica Neue', Arial, sans-serif, 'Apple Color Emoji', 'Segoe UI Emoji', 'Segoe UI Symbol'; font-weight: 500; line-height: 1.2; color: #212529; font-size: 1.5rem; text-align: center;\">Postre de reposter\u00eda<\/h4><p style=\"margin-bottom: 1rem; font-family: Montse-regular; color: #212529; text-align: center;\">Canutillos caseros de crema pastelera<\/p><h4 style=\"margin-top: 0px; margin-bottom: 0.5rem; font-family: -apple-system, 'system-ui', 'Segoe UI', Roboto, 'Helvetica Neue', Arial, sans-serif, 'Apple Color Emoji', 'Segoe UI Emoji', 'Segoe UI Symbol'; font-weight: 500; line-height: 1.2; color: #212529; font-size: 1.5rem; text-align: center;\">Sobremesa<\/h4><p style=\"margin-bottom: 1rem; font-family: Montse-regular; color: #212529; text-align: center;\">Caf\u00e9 estilo tradicional y degustaci\u00f3n de licores caseros<\/p><p style=\"margin-bottom: 1rem; font-family: Montse-regular; color: #212529; text-align: center;\">*Bebida no inclu\u00edda<\/p>\t\t\t\t\t\t\t\t<\/div>\n\t\t\t\t<\/div>\n\t\t\t\t\t<\/div>\n\t\t<\/div>\n\t\t\t\t\t<\/div>\n\t\t<\/section>\n\t\t\t\t<section class=\"elementor-section elementor-top-section elementor-element elementor-element-7486b0a elementor-section-boxed elementor-section-height-default elementor-section-height-default\" data-id=\"7486b0a\" data-element_type=\"section\">\n\t\t\t\t\t\t<div class=\"elementor-container elementor-column-gap-default\">\n\t\t\t\t\t<div class=\"elementor-column elementor-col-100 elementor-top-column elementor-element elementor-element-6de6c9c\" data-id=\"6de6c9c\" data-element_type=\"column\">\n\t\t\t<div class=\"elementor-widget-wrap elementor-element-populated\">\n\t\t\t\t\t\t<div class=\"elementor-element elementor-element-725ab10 elementor-widget elementor-widget-spacer\" data-id=\"725ab10\" data-element_type=\"widget\" data-widget_type=\"spacer.default\">\n\t\t\t\t<div class=\"elementor-widget-container\">\n\t\t\t\t\t\t\t<div class=\"elementor-spacer\">\n\t\t\t<div class=\"elementor-spacer-inner\"><\/div>\n\t\t<\/div>\n\t\t\t\t\t\t<\/div>\n\t\t\t\t<\/div>\n\t\t\t\t\t<\/div>\n\t\t<\/div>\n\t\t\t\t\t<\/div>\n\t\t<\/section>\n\t\t\t\t<section class=\"elementor-section elementor-top-section elementor-element elementor-element-c14f18a elementor-section-full_width elementor-section-stretched elementor-section-height-default elementor-section-height-default\" data-id=\"c14f18a\" data-element_type=\"section\" data-settings=\"{&quot;stretch_section&quot;:&quot;section-stretched&quot;}\">\n\t\t\t\t\t\t\t<div class=\"elementor-background-overlay\"><\/div>\n\t\t\t\t\t\t\t<div class=\"elementor-container elementor-column-gap-default\">\n\t\t\t\t\t<div class=\"elementor-column elementor-col-100 elementor-top-column elementor-element elementor-element-9b40e68\" data-id=\"9b40e68\" data-element_type=\"column\">\n\t\t\t<div class=\"elementor-widget-wrap elementor-element-populated\">\n\t\t\t\t\t\t<div class=\"elementor-element elementor-element-64f446e elementor-widget elementor-widget-heading\" data-id=\"64f446e\" data-element_type=\"widget\" data-widget_type=\"heading.default\">\n\t\t\t\t<div class=\"elementor-widget-container\">\n\t\t\t\t\t<h2 class=\"elementor-heading-title elementor-size-default\">La primera cueva restaurante de Valdevimbre<\/h2>\t\t\t\t<\/div>\n\t\t\t\t<\/div>\n\t\t\t\t<div class=\"elementor-element elementor-element-fc9b847 elementor-widget elementor-widget-heading\" data-id=\"fc9b847\" data-element_type=\"widget\" data-widget_type=\"heading.default\">\n\t\t\t\t<div class=\"elementor-widget-container\">\n\t\t\t\t\t<p class=\"elementor-heading-title elementor-size-default\">La Cueva del T\u00fanel fue la primera cueva restaurante de la localidad. Con una carta humilde, pero que reflejaba muy bien los momentos que se pasaban en las cuevas, <br>pues siempre estas fueron utilizadas como lugar de reuni\u00f3n de amigos y familiares mientras se tomaban un vino y picaban alguna cosa. <br>\u00a1Y fue un \u00e9xito! A todo el mundo le gustaba, todos o\u00edan que en Valdevimbre a parte de vino, hab\u00eda sitios escondidos donde la gastronom\u00eda es arte.<br><\/p>\t\t\t\t<\/div>\n\t\t\t\t<\/div>\n\t\t\t\t\t<\/div>\n\t\t<\/div>\n\t\t\t\t\t<\/div>\n\t\t<\/section>\n\t\t\t\t<section class=\"elementor-section elementor-top-section elementor-element elementor-element-949ac22 elementor-section-full_width elementor-section-stretched elementor-section-height-default elementor-section-height-default\" data-id=\"949ac22\" data-element_type=\"section\" data-settings=\"{&quot;stretch_section&quot;:&quot;section-stretched&quot;}\">\n\t\t\t\t\t\t\t<div class=\"elementor-background-overlay\"><\/div>\n\t\t\t\t\t\t\t<div class=\"elementor-container elementor-column-gap-default\">\n\t\t\t\t\t<div class=\"elementor-column elementor-col-100 elementor-top-column elementor-element elementor-element-08962d5\" data-id=\"08962d5\" data-element_type=\"column\">\n\t\t\t<div class=\"elementor-widget-wrap elementor-element-populated\">\n\t\t\t\t\t\t<div class=\"elementor-element elementor-element-48f4bc4 elementor-widget elementor-widget-spacer\" data-id=\"48f4bc4\" data-element_type=\"widget\" data-widget_type=\"spacer.default\">\n\t\t\t\t<div class=\"elementor-widget-container\">\n\t\t\t\t\t\t\t<div class=\"elementor-spacer\">\n\t\t\t<div class=\"elementor-spacer-inner\"><\/div>\n\t\t<\/div>\n\t\t\t\t\t\t<\/div>\n\t\t\t\t<\/div>\n\t\t\t\t\t<\/div>\n\t\t<\/div>\n\t\t\t\t\t<\/div>\n\t\t<\/section>\n\t\t\t\t<section class=\"elementor-section elementor-top-section elementor-element elementor-element-2d585c0 elementor-section-boxed elementor-section-height-default elementor-section-height-default\" data-id=\"2d585c0\" data-element_type=\"section\">\n\t\t\t\t\t\t<div class=\"elementor-container elementor-column-gap-default\">\n\t\t\t\t\t<div class=\"elementor-column elementor-col-100 elementor-top-column elementor-element elementor-element-5da93e7\" data-id=\"5da93e7\" data-element_type=\"column\">\n\t\t\t<div class=\"elementor-widget-wrap elementor-element-populated\">\n\t\t\t\t\t\t<div class=\"elementor-element elementor-element-4461ce5 elementor-widget elementor-widget-spacer\" data-id=\"4461ce5\" data-element_type=\"widget\" data-widget_type=\"spacer.default\">\n\t\t\t\t<div class=\"elementor-widget-container\">\n\t\t\t\t\t\t\t<div class=\"elementor-spacer\">\n\t\t\t<div class=\"elementor-spacer-inner\"><\/div>\n\t\t<\/div>\n\t\t\t\t\t\t<\/div>\n\t\t\t\t<\/div>\n\t\t\t\t\t<\/div>\n\t\t<\/div>\n\t\t\t\t\t<\/div>\n\t\t<\/section>\n\t\t\t\t<section class=\"elementor-section elementor-top-section elementor-element elementor-element-e0e558f elementor-section-boxed elementor-section-height-default elementor-section-height-default\" data-id=\"e0e558f\" data-element_type=\"section\">\n\t\t\t\t\t\t<div class=\"elementor-container elementor-column-gap-default\">\n\t\t\t\t\t<div class=\"elementor-column elementor-col-100 elementor-top-column elementor-element elementor-element-916220f\" data-id=\"916220f\" data-element_type=\"column\">\n\t\t\t<div class=\"elementor-widget-wrap elementor-element-populated\">\n\t\t\t\t\t\t<div class=\"elementor-element elementor-element-d41e8d2 elementor-widget elementor-widget-heading\" data-id=\"d41e8d2\" data-element_type=\"widget\" data-widget_type=\"heading.default\">\n\t\t\t\t<div class=\"elementor-widget-container\">\n\t\t\t\t\t<h3 class=\"elementor-heading-title elementor-size-default\">\u00a1Ll\u00e1manos y haz tu reserva!<\/h3>\t\t\t\t<\/div>\n\t\t\t\t<\/div>\n\t\t\t\t\t<\/div>\n\t\t<\/div>\n\t\t\t\t\t<\/div>\n\t\t<\/section>\n\t\t\t\t<section class=\"elementor-section elementor-top-section elementor-element elementor-element-2d66e34 elementor-section-boxed elementor-section-height-default elementor-section-height-default\" data-id=\"2d66e34\" data-element_type=\"section\">\n\t\t\t\t\t\t<div class=\"elementor-container elementor-column-gap-default\">\n\t\t\t\t\t<div class=\"elementor-column elementor-col-100 elementor-top-column elementor-element elementor-element-3baa6db\" data-id=\"3baa6db\" data-element_type=\"column\">\n\t\t\t<div class=\"elementor-widget-wrap elementor-element-populated\">\n\t\t\t\t\t\t<div class=\"elementor-element elementor-element-dbc3f6e elementor-align-center elementor-widget elementor-widget-button\" data-id=\"dbc3f6e\" data-element_type=\"widget\" data-widget_type=\"button.default\">\n\t\t\t\t<div class=\"elementor-widget-container\">\n\t\t\t\t\t\t\t\t\t<div class=\"elementor-button-wrapper\">\n\t\t\t\t\t<a class=\"elementor-button elementor-button-link elementor-size-lg\" href=\"tel:+34666666666\">\n\t\t\t\t\t\t<span class=\"elementor-button-content-wrapper\">\n\t\t\t\t\t\t\t\t\t<span class=\"elementor-button-text\">  987 30 40 38<\/span>\n\t\t\t\t\t<\/span>\n\t\t\t\t\t<\/a>\n\t\t\t\t<\/div>\n\t\t\t\t\t\t\t\t<\/div>\n\t\t\t\t<\/div>\n\t\t\t\t\t<\/div>\n\t\t<\/div>\n\t\t\t\t\t<\/div>\n\t\t<\/section>\n\t\t\t\t<section class=\"elementor-section elementor-top-section elementor-element elementor-element-121236c elementor-section-boxed elementor-section-height-default elementor-section-height-default\" data-id=\"121236c\" data-element_type=\"section\">\n\t\t\t\t\t\t<div class=\"elementor-container elementor-column-gap-default\">\n\t\t\t\t\t<div class=\"elementor-column elementor-col-100 elementor-top-column elementor-element elementor-element-a876975\" data-id=\"a876975\" data-element_type=\"column\">\n\t\t\t<div class=\"elementor-widget-wrap elementor-element-populated\">\n\t\t\t\t\t\t<div class=\"elementor-element elementor-element-fe1de28 elementor-widget elementor-widget-spacer\" data-id=\"fe1de28\" data-element_type=\"widget\" data-widget_type=\"spacer.default\">\n\t\t\t\t<div class=\"elementor-widget-container\">\n\t\t\t\t\t\t\t<div class=\"elementor-spacer\">\n\t\t\t<div class=\"elementor-spacer-inner\"><\/div>\n\t\t<\/div>\n\t\t\t\t\t\t<\/div>\n\t\t\t\t<\/div>\n\t\t\t\t\t<\/div>\n\t\t<\/div>\n\t\t\t\t\t<\/div>\n\t\t<\/section>\n\t\t\t\t<\/div>\n\t\t","protected":false},"excerpt":{"rendered":"<p>Una experiencia completa Ad\u00e9ntrate en la cueva y descubre su esencia con nuestros men\u00fas degustaci\u00f3n. Men\u00fa degustaci\u00f3n Entrantes variados A elegir entre nuestros entrantes fr\u00edos o calientes Pescados A elegir entre nuestras especialidades Bacalao al ajo arriero Bacalao con emulsi\u00f3n de patata Rulo de salm\u00f3n gratinado Carnes A elegir entre nuestras carnes a la parrilla &hellip; <\/p>\n<p class=\"link-more\"><a href=\"https:\/\/cuevadeltunel.es\/index.php\/gastronomia-valdevimbre\/\" class=\"more-link\">Leer m\u00e1s<span class=\"screen-reader-text\"> \u00abDegustaci\u00f3n\u00bb<\/span><\/a><\/p>\n","protected":false},"author":2,"featured_media":0,"parent":0,"menu_order":0,"comment_status":"closed","ping_status":"closed","template":"","meta":{"footnotes":""},"class_list":["post-135","page","type-page","status-publish","hentry"],"aioseo_notices":[],"featured_media_urls":[],"_links":{"self":[{"href":"https:\/\/cuevadeltunel.es\/index.php\/wp-json\/wp\/v2\/pages\/135","targetHints":{"allow":["GET"]}}],"collection":[{"href":"https:\/\/cuevadeltunel.es\/index.php\/wp-json\/wp\/v2\/pages"}],"about":[{"href":"https:\/\/cuevadeltunel.es\/index.php\/wp-json\/wp\/v2\/types\/page"}],"author":[{"embeddable":true,"href":"https:\/\/cuevadeltunel.es\/index.php\/wp-json\/wp\/v2\/users\/2"}],"replies":[{"embeddable":true,"href":"https:\/\/cuevadeltunel.es\/index.php\/wp-json\/wp\/v2\/comments?post=135"}],"version-history":[{"count":16,"href":"https:\/\/cuevadeltunel.es\/index.php\/wp-json\/wp\/v2\/pages\/135\/revisions"}],"predecessor-version":[{"id":287,"href":"https:\/\/cuevadeltunel.es\/index.php\/wp-json\/wp\/v2\/pages\/135\/revisions\/287"}],"wp:attachment":[{"href":"https:\/\/cuevadeltunel.es\/index.php\/wp-json\/wp\/v2\/media?parent=135"}],"curies":[{"name":"wp","href":"https:\/\/api.w.org\/{rel}","templated":true}]}}